{"id":594,"date":"2025-05-25T03:57:55","date_gmt":"2025-05-25T00:57:55","guid":{"rendered":"https:\/\/atasamprefabrik.com\/?page_id=594"},"modified":"2025-05-25T04:34:00","modified_gmt":"2025-05-25T01:34:00","slug":"kurumsal","status":"publish","type":"page","link":"https:\/\/atasamprefabrik.com\/?page_id=594","title":{"rendered":"Kurumsal"},"content":{"rendered":"\t\t<div data-elementor-type=\"wp-page\" data-elementor-id=\"594\" class=\"elementor elementor-594\">\n\t\t\t\t\t\t<section class=\"elementor-section elementor-top-section elementor-element elementor-element-ee503c8 elementor-section-boxed elementor-section-height-default elementor-section-height-default\" data-id=\"ee503c8\" data-element_type=\"section\" data-settings=\"{&quot;background_background&quot;:&quot;slideshow&quot;,&quot;background_slideshow_gallery&quot;:[{&quot;id&quot;:177,&quot;url&quot;:&quot;https:\\\/\\\/gaviaspreview.com\\\/wp\\\/constix\\\/wp-content\\\/uploads\\\/2023\\\/01\\\/breadcrumb-01.jpg&quot;},{&quot;id&quot;:178,&quot;url&quot;:&quot;https:\\\/\\\/gaviaspreview.com\\\/wp\\\/constix\\\/wp-content\\\/uploads\\\/2023\\\/01\\\/breadcrumb-02.jpg&quot;}],&quot;background_slideshow_ken_burns&quot;:&quot;yes&quot;,&quot;background_slideshow_loop&quot;:&quot;yes&quot;,&quot;background_slideshow_slide_duration&quot;:5000,&quot;background_slideshow_slide_transition&quot;:&quot;fade&quot;,&quot;background_slideshow_transition_duration&quot;:500,&quot;background_slideshow_ken_burns_zoom_direction&quot;:&quot;in&quot;}\">\n\t\t\t\t\t\t\t<div class=\"elementor-background-overlay\"><\/div>\n\t\t\t\t\t\t\t<div class=\"elementor-container elementor-column-gap-default\">\n\t\t\t\t\t<div class=\"elementor-column elementor-col-100 elementor-top-column elementor-element elementor-element-8028c45\" data-id=\"8028c45\" data-element_type=\"column\">\n\t\t\t<div class=\"elementor-widget-wrap elementor-element-populated\">\n\t\t\t\t\t\t<div class=\"elementor-element elementor-element-c65b3d7 elementor-widget elementor-widget-gva-heading-block\" data-id=\"c65b3d7\" data-element_type=\"widget\" data-widget_type=\"gva-heading-block.default\">\n\t\t\t\t<div class=\"elementor-widget-container\">\n\t\t\t\t\t<div class=\"gva-element-gva-heading-block gva-element\">   <div class=\"align-left style-1 widget gsc-heading box-align-left auto-responsive\">\r\n      <div class=\"content-inner\">\r\n         \r\n                  \r\n            \r\n         \r\n                     <h2 class=\"title\">\r\n               <span>ATASAM YAPI HAKKINDA<\/span>\r\n            <\/h2>\r\n                  \r\n         \r\n         \r\n      <\/div>\r\n   <\/div>\r\n<\/div>\t\t\t\t<\/div>\n\t\t\t\t<\/div>\n\t\t\t\t\t<\/div>\n\t\t<\/div>\n\t\t\t\t\t<\/div>\n\t\t<\/section>\n\t\t\t\t<section class=\"elementor-section elementor-top-section elementor-element elementor-element-3b6761e elementor-section-boxed elementor-section-height-default elementor-section-height-default\" data-id=\"3b6761e\" data-element_type=\"section\" data-settings=\"{&quot;background_background&quot;:&quot;classic&quot;}\">\n\t\t\t\t\t\t<div class=\"elementor-container elementor-column-gap-default\">\n\t\t\t\t\t<div class=\"elementor-column elementor-col-50 elementor-top-column elementor-element elementor-element-242b0c6\" data-id=\"242b0c6\" data-element_type=\"column\">\n\t\t\t<div class=\"elementor-widget-wrap elementor-element-populated\">\n\t\t\t\t\t\t<div class=\"elementor-element elementor-element-0f1a5e2 elementor-widget elementor-widget-gva-image-content\" data-id=\"0f1a5e2\" data-element_type=\"widget\" data-widget_type=\"gva-image-content.default\">\n\t\t\t\t<div class=\"elementor-widget-container\">\n\t\t\t\t\t<div class=\"gva-element-gva-image-content gva-element\">\t\t\r\n\t  \r\n\t \r\n\r\n\t \r\n\r\n\t\t\t<div class=\"about-three__single\">\r\n\t\t  \t<div class=\"about-three__image\"><div class=\"content-inner\">\t\t  <a href=\"https:\/\/gaviaspreview.com\/wp\/constix\/about\/\">\r\n\t\t\t <img decoding=\"async\" src=\"https:\/\/atasamprefabrik.com\/wp-content\/uploads\/2025\/05\/Adsiz-tasarim-49.png\" alt=\"\" \/>\t\t  <\/a>\r\n\t\t  <\/div><\/div><div class=\"about-three__image-second\"><div class=\"content-inner\">\t\t  <a href=\"https:\/\/gaviaspreview.com\/wp\/constix\/about\/\">\r\n\t\t\t <img decoding=\"async\" src=\"https:\/\/atasamprefabrik.com\/wp-content\/uploads\/2025\/05\/slider.png\" alt=\"\" \/>\t\t  <\/a>\r\n\t\t  <\/div><\/div>\t\t<\/div>\r\n\t\r\n\t \r\n  \r\n \r\n\r\n  \r\n \r\n\r\n <\/div>\t\t\t\t<\/div>\n\t\t\t\t<\/div>\n\t\t\t\t\t<\/div>\n\t\t<\/div>\n\t\t\t\t<div class=\"elementor-column elementor-col-50 elementor-top-column elementor-element elementor-element-83ff4d5\" data-id=\"83ff4d5\" data-element_type=\"column\">\n\t\t\t<div class=\"elementor-widget-wrap elementor-element-populated\">\n\t\t\t\t\t\t<div class=\"elementor-element elementor-element-e63e02d elementor-widget elementor-widget-gva-heading-block\" data-id=\"e63e02d\" data-element_type=\"widget\" data-settings=\"{&quot;_animation&quot;:&quot;none&quot;}\" data-widget_type=\"gva-heading-block.default\">\n\t\t\t\t<div class=\"elementor-widget-container\">\n\t\t\t\t\t<div class=\"gva-element-gva-heading-block gva-element\">   <div class=\"align-left style-1 widget gsc-heading box-align-left auto-responsive\">\r\n      <div class=\"content-inner\">\r\n         \r\n                  \r\n         <div class=\"sub-title\"><span class=\"heading-icon\"><\/span><span class=\"tagline\">ATASAM YAPI<\/span><\/div>   \r\n         \r\n                     <h2 class=\"title\">\r\n               <span>ATASAM YAPI HAKKINDA<\/span>\r\n            <\/h2>\r\n                  \r\n         \r\n         \r\n      <\/div>\r\n   <\/div>\r\n<\/div>\t\t\t\t<\/div>\n\t\t\t\t<\/div>\n\t\t\t\t<div class=\"elementor-element elementor-element-fd48b73 elementor-widget elementor-widget-text-editor\" data-id=\"fd48b73\" data-element_type=\"widget\" data-widget_type=\"text-editor.default\">\n\t\t\t\t<div class=\"elementor-widget-container\">\n\t\t\t\t\t\t\t\t\t<p>Atasam Yap\u0131, 2014 y\u0131l\u0131nda kurulmu\u015f olup prefabrik ve \u00e7elik konstr\u00fcksiyon sekt\u00f6r\u00fcnde yenilik\u00e7i \u00e7\u00f6z\u00fcmler sunmaktad\u0131r. Kaliteli malzeme, m\u00fchendislik g\u00fcc\u00fc ve zaman\u0131nda teslim ilkesiyle m\u00fc\u015fterilerine g\u00fcvenilir yap\u0131lar in\u015fa etmektedir. Ev, depo, hangar, fabrika gibi bir\u00e7ok farkl\u0131 alanda hem \u00fcretim hem de montaj hizmeti sunarak her projeye \u00f6zel \u00e7\u00f6z\u00fcmler \u00fcretmektedir.<\/p>\t\t\t\t\t\t\t\t<\/div>\n\t\t\t\t<\/div>\n\t\t\t\t\t<\/div>\n\t\t<\/div>\n\t\t\t\t\t<\/div>\n\t\t<\/section>\n\t\t\t\t<section class=\"elementor-section elementor-top-section elementor-element elementor-element-73fdb4c elementor-section-boxed elementor-section-height-default elementor-section-height-default\" data-id=\"73fdb4c\" data-element_type=\"section\" data-settings=\"{&quot;background_background&quot;:&quot;classic&quot;}\">\n\t\t\t\t\t\t<div class=\"elementor-container elementor-column-gap-default\">\n\t\t\t\t\t<div class=\"elementor-column elementor-col-100 elementor-top-column elementor-element elementor-element-27bafe4\" data-id=\"27bafe4\" data-element_type=\"column\">\n\t\t\t<div class=\"elementor-widget-wrap elementor-element-populated\">\n\t\t\t\t\t\t<div class=\"elementor-element elementor-element-41738f3 elementor-widget elementor-widget-gva-heading-block\" data-id=\"41738f3\" data-element_type=\"widget\" data-widget_type=\"gva-heading-block.default\">\n\t\t\t\t<div class=\"elementor-widget-container\">\n\t\t\t\t\t<div class=\"gva-element-gva-heading-block gva-element\">   <div class=\"align-center style-1 widget gsc-heading box-align-left auto-responsive\">\r\n      <div class=\"content-inner\">\r\n         \r\n                  \r\n         <div class=\"sub-title\"><span class=\"heading-icon\"><\/span><span class=\"tagline\">ATASAM YAPI<\/span><\/div>   \r\n         \r\n                     <h2 class=\"title\">\r\n               <span>V\u0130ZYON VE M\u0130SYON<\/span>\r\n            <\/h2>\r\n                  \r\n         \r\n         \r\n      <\/div>\r\n   <\/div>\r\n<\/div>\t\t\t\t<\/div>\n\t\t\t\t<\/div>\n\t\t\t\t<div class=\"elementor-element elementor-element-d935b48 elementor-widget elementor-widget-gva-content-carousel\" data-id=\"d935b48\" data-element_type=\"widget\" data-widget_type=\"gva-content-carousel.default\">\n\t\t\t\t<div class=\"elementor-widget-container\">\n\t\t\t\t\t<div class=\"gva-element-gva-content-carousel gva-element\">\r\n\r\n\r\n   <div class=\"gsc-content-carousel swiper-slider-wrapper style-2\">\r\n      <div class=\"swiper-content-inner\">\r\n         <div class=\"sliders-wrap\">\r\n            <div class=\"quote-slider-wrapper\">\r\n               <div class=\"swiper swiper-container quote-slider\">\r\n                  <div class=\"swiper-wrapper\">\r\n                                             <div class=\"swiper-slide\">\r\n                           <div class=\"item-content\">\r\n                              <div class=\"quote-text-wrap\">\r\n                                 <h3 class=\"title\">2025<\/h3><div class=\"desc\"><h4 class=\"name\">Misyonumuz<\/h4>\n<div>Building construction is the process of creating structures such as houses, office buildings, bridges, and other infrastructure. It involves a series of stages, from the initial planning and design phase.<\/div>\n<h4 class=\"name\">Vizyonumuz<\/h4>\n<div>There are many variations of passages of Lorem Ipsum available, but the majority have suffered alteration in some form, by injected humour, or randomised words which don't look even slightly believable. If you are going.<\/div><\/div>                              <\/div>   \r\n                           <\/div>\r\n                        <\/div>\r\n                                       <\/div>\r\n               <\/div>\r\n\r\n            <\/div>   \r\n\r\n            <div class=\"image-slider-wrapper\">\r\n               <div class=\"swiper swiper-container image-slider\">\r\n                  <div class=\"swiper-wrapper\">\r\n                                             <div class=\"swiper-slide\">\r\n                           <div class=\"swiper-slide-inner\" data-swiper-parallax=\"50%\">\r\n                              <div class=\"image-content\">\r\n                                                                     <img decoding=\"async\" class=\"swiper-lazy\" src=\"https:\/\/atasamprefabrik.com\/wp-content\/uploads\/2023\/01\/WhatsApp-Image-2025-05-21-at-01.24.22.jpeg\" alt=\"2025\"\/>\r\n                                                               <\/div>   \r\n                           <\/div>\r\n                        <\/div>\r\n                                       <\/div>\r\n               <\/div>\r\n               <div class=\"content_carousel__nav\">\r\n                  <div class=\"content_carousel__nav-next swiper-nav-prev\"><\/div>\r\n                  <div class=\"content_carousel__nav-prev swiper-nav-next\"><\/div>\r\n               <\/div>\r\n            <\/div> \r\n         <\/div>   \r\n\r\n         <div class=\"swiper-pagination content_carousel_pagination\"><\/div>\r\n      <\/div>   \r\n   <\/div>\r\n\r\n<\/div>\t\t\t\t<\/div>\n\t\t\t\t<\/div>\n\t\t\t\t\t<\/div>\n\t\t<\/div>\n\t\t\t\t\t<\/div>\n\t\t<\/section>\n\t\t\t\t<\/div>\n\t\t","protected":false},"excerpt":{"rendered":"<p>ATASAM YAPI HAKKINDA ATASAM YAPI ATASAM YAPI HAKKINDA Atasam Yap\u0131, 2014 y\u0131l\u0131nda kurulmu\u015f olup prefabrik ve \u00e7elik konstr\u00fcksiyon sekt\u00f6r\u00fcnde yenilik\u00e7i \u00e7\u00f6z\u00fcmler sunmaktad\u0131r. Kaliteli malzeme, m\u00fchendislik g\u00fcc\u00fc ve zaman\u0131nda teslim ilkesiyle [&hellip;]<\/p>\n","protected":false},"author":1,"featured_media":0,"parent":0,"menu_order":0,"comment_status":"closed","ping_status":"closed","template":"","meta":{"footnotes":""},"class_list":["post-594","page","type-page","status-publish","hentry"],"_links":{"self":[{"href":"https:\/\/atasamprefabrik.com\/index.php?rest_route=\/wp\/v2\/pages\/594","targetHints":{"allow":["GET"]}}],"collection":[{"href":"https:\/\/atasamprefabrik.com\/index.php?rest_route=\/wp\/v2\/pages"}],"about":[{"href":"https:\/\/atasamprefabrik.com\/index.php?rest_route=\/wp\/v2\/types\/page"}],"author":[{"embeddable":true,"href":"https:\/\/atasamprefabrik.com\/index.php?rest_route=\/wp\/v2\/users\/1"}],"replies":[{"embeddable":true,"href":"https:\/\/atasamprefabrik.com\/index.php?rest_route=%2Fwp%2Fv2%2Fcomments&post=594"}],"version-history":[{"count":10,"href":"https:\/\/atasamprefabrik.com\/index.php?rest_route=\/wp\/v2\/pages\/594\/revisions"}],"predecessor-version":[{"id":629,"href":"https:\/\/atasamprefabrik.com\/index.php?rest_route=\/wp\/v2\/pages\/594\/revisions\/629"}],"wp:attachment":[{"href":"https:\/\/atasamprefabrik.com\/index.php?rest_route=%2Fwp%2Fv2%2Fmedia&parent=594"}],"curies":[{"name":"wp","href":"https:\/\/api.w.org\/{rel}","templated":true}]}}