{"id":596,"date":"2025-05-25T03:57:55","date_gmt":"2025-05-25T00:57:55","guid":{"rendered":"https:\/\/atasamprefabrik.com\/?page_id=596"},"modified":"2025-06-24T23:12:47","modified_gmt":"2025-06-24T20:12:47","slug":"hizmetlerimiz","status":"publish","type":"page","link":"https:\/\/atasamprefabrik.com\/?page_id=596","title":{"rendered":"Hizmetlerimiz"},"content":{"rendered":"\t\t<div data-elementor-type=\"wp-page\" data-elementor-id=\"596\" class=\"elementor elementor-596\">\n\t\t\t\t\t\t<section class=\"elementor-section elementor-top-section elementor-element elementor-element-67152ff elementor-section-boxed elementor-section-height-default elementor-section-height-default\" data-id=\"67152ff\" data-element_type=\"section\" data-settings=\"{&quot;background_background&quot;:&quot;slideshow&quot;,&quot;background_slideshow_gallery&quot;:[{&quot;id&quot;:177,&quot;url&quot;:&quot;https:\\\/\\\/gaviaspreview.com\\\/wp\\\/constix\\\/wp-content\\\/uploads\\\/2023\\\/01\\\/breadcrumb-01.jpg&quot;},{&quot;id&quot;:178,&quot;url&quot;:&quot;https:\\\/\\\/gaviaspreview.com\\\/wp\\\/constix\\\/wp-content\\\/uploads\\\/2023\\\/01\\\/breadcrumb-02.jpg&quot;}],&quot;background_slideshow_ken_burns&quot;:&quot;yes&quot;,&quot;background_slideshow_loop&quot;:&quot;yes&quot;,&quot;background_slideshow_slide_duration&quot;:5000,&quot;background_slideshow_slide_transition&quot;:&quot;fade&quot;,&quot;background_slideshow_transition_duration&quot;:500,&quot;background_slideshow_ken_burns_zoom_direction&quot;:&quot;in&quot;}\">\n\t\t\t\t\t\t\t<div class=\"elementor-background-overlay\"><\/div>\n\t\t\t\t\t\t\t<div class=\"elementor-container elementor-column-gap-default\">\n\t\t\t\t\t<div class=\"elementor-column elementor-col-100 elementor-top-column elementor-element elementor-element-108d99c\" data-id=\"108d99c\" data-element_type=\"column\">\n\t\t\t<div class=\"elementor-widget-wrap elementor-element-populated\">\n\t\t\t\t\t\t<div class=\"elementor-element elementor-element-07bec2e elementor-widget elementor-widget-gva-heading-block\" data-id=\"07bec2e\" data-element_type=\"widget\" data-widget_type=\"gva-heading-block.default\">\n\t\t\t\t<div class=\"elementor-widget-container\">\n\t\t\t\t\t<div class=\"gva-element-gva-heading-block gva-element\">   <div class=\"align-left style-1 widget gsc-heading box-align-left auto-responsive\">\r\n      <div class=\"content-inner\">\r\n         \r\n                  \r\n            \r\n         \r\n                     <h2 class=\"title\">\r\n               <span>Hizmetlerimiz<\/span>\r\n            <\/h2>\r\n                  \r\n                     <div class=\"title-desc\">Atasam Prefabrik <\/div>\r\n         \r\n         \r\n      <\/div>\r\n   <\/div>\r\n<\/div>\t\t\t\t<\/div>\n\t\t\t\t<\/div>\n\t\t\t\t\t<\/div>\n\t\t<\/div>\n\t\t\t\t\t<\/div>\n\t\t<\/section>\n\t\t\t\t<section class=\"elementor-section elementor-top-section elementor-element elementor-element-dd07740 elementor-section-boxed elementor-section-height-default elementor-section-height-default\" data-id=\"dd07740\" data-element_type=\"section\">\n\t\t\t\t\t\t<div class=\"elementor-container elementor-column-gap-default\">\n\t\t\t\t\t<div class=\"elementor-column elementor-col-100 elementor-top-column elementor-element elementor-element-1e099e8\" data-id=\"1e099e8\" data-element_type=\"column\">\n\t\t\t<div class=\"elementor-widget-wrap elementor-element-populated\">\n\t\t\t\t\t\t<div class=\"elementor-element elementor-element-32a7e7a elementor-widget elementor-widget-gva_icon_box_group\" data-id=\"32a7e7a\" data-element_type=\"widget\" data-widget_type=\"gva_icon_box_group.default\">\n\t\t\t\t<div class=\"elementor-widget-container\">\n\t\t\t\t\t<div class=\"gva-element-gva_icon_box_group gva-element\">\r\n<div class=\"gsc-icon-box-group layout-carousel swiper-slider-wrapper \">\r\n   <div class=\"swiper-content-inner\">\r\n      <div class=\"init-carousel-swiper swiper\" data-carousel=\"{&quot;items&quot;:4,&quot;items_lg&quot;:4,&quot;items_md&quot;:3,&quot;items_sm&quot;:2,&quot;items_xs&quot;:2,&quot;items_xx&quot;:2,&quot;effect&quot;:&quot;slide&quot;,&quot;space_between&quot;:30,&quot;loop&quot;:1,&quot;speed&quot;:600,&quot;autoplay&quot;:1,&quot;autoplay_delay&quot;:4500,&quot;autoplay_hover&quot;:1,&quot;navigation&quot;:1,&quot;pagination&quot;:0,&quot;dynamic_bullets&quot;:0,&quot;pagination_type&quot;:&quot;bullets&quot;}\">\r\n         <div class=\"swiper-wrapper\">\r\n            <div class=\"swiper-slide\">\r\n<div class=\"icon-box-item elementor-repeater-item-d833a49\">\r\n\t\t<div class=\"iconbox-one__single\"><h3 class=\"iconbox-one__title\">Product<br>Research<\/h3><div class=\"iconbox-one__icon\"><i aria-hidden=\"true\" class=\" cicon-lab\"><\/i><\/div><div class=\"iconbox-one__desc\">Lorem ipsum is simply sit of free text dolor.<\/div>\t\t  <a href=\"https:\/\/gaviaspreview.com\/wp\/constix\/contact\/\" class=\"iconbox-one__link-overlay\">\r\n\t\t\t \t\t  <\/a>\r\n\t\t  <\/div>\r\n\t\t<\/div><\/div><div class=\"swiper-slide\">\r\n<div class=\"icon-box-item elementor-repeater-item-b50c52e\">\r\n\t\t<div class=\"iconbox-one__single\"><h3 class=\"iconbox-one__title\">Business<br> idea<\/h3><div class=\"iconbox-one__icon\"><i aria-hidden=\"true\" class=\" cicon-measure\"><\/i><\/div><div class=\"iconbox-one__desc\">Lorem ipsum is simply sit of free text dolor.<\/div>\t\t  <a href=\"https:\/\/gaviaspreview.com\/wp\/constix\/get-a-quote\/\" class=\"iconbox-one__link-overlay\">\r\n\t\t\t \t\t  <\/a>\r\n\t\t  <\/div>\r\n\t\t<\/div><\/div><div class=\"swiper-slide\">\r\n<div class=\"icon-box-item elementor-repeater-item-2c50c28\">\r\n\t\t<div class=\"iconbox-one__single\"><h3 class=\"iconbox-one__title\">Fast & easy<br> process<\/h3><div class=\"iconbox-one__icon\"><i aria-hidden=\"true\" class=\" cicon-mission\"><\/i><\/div><div class=\"iconbox-one__desc\">Lorem ipsum is simply sit of free text dolor.<\/div>\t\t  <a href=\"https:\/\/gaviaspreview.com\/wp\/constix\/about\/\" class=\"iconbox-one__link-overlay\">\r\n\t\t\t \t\t  <\/a>\r\n\t\t  <\/div>\r\n\t\t<\/div><\/div><div class=\"swiper-slide\">\r\n<div class=\"icon-box-item elementor-repeater-item-c492c79\">\r\n\t\t<div class=\"iconbox-one__single\"><h3 class=\"iconbox-one__title\">Great<br>Solutions<\/h3><div class=\"iconbox-one__icon\"><i aria-hidden=\"true\" class=\" cicon-buildings-1\"><\/i><\/div><div class=\"iconbox-one__desc\">Lorem ipsum is simply sit of free text dolor.<\/div>\t\t  <a href=\"https:\/\/gaviaspreview.com\/wp\/constix\/about\/\" class=\"iconbox-one__link-overlay\">\r\n\t\t\t \t\t  <\/a>\r\n\t\t  <\/div>\r\n\t\t<\/div><\/div><div class=\"swiper-slide\">\r\n<div class=\"icon-box-item elementor-repeater-item-52c7008\">\r\n\t\t<div class=\"iconbox-one__single\"><h3 class=\"iconbox-one__title\">Quality<br>Projects<\/h3><div class=\"iconbox-one__icon\"><i aria-hidden=\"true\" class=\" cicon-industrial-park-1\"><\/i><\/div><div class=\"iconbox-one__desc\">Lorem ipsum is simply sit of free text dolor.<\/div>\t\t  <a href=\"https:\/\/gaviaspreview.com\/wp\/constix\/about\/\" class=\"iconbox-one__link-overlay\">\r\n\t\t\t \t\t  <\/a>\r\n\t\t  <\/div>\r\n\t\t<\/div><\/div>         <\/div>\r\n      <\/div>\r\n   <\/div>   \r\n   <div class=\"swiper-pagination\"><\/div>   <div class=\"swiper-nav-next\"><\/div><div class=\"swiper-nav-prev\"><\/div><\/div>\r\n<\/div>\t\t\t\t<\/div>\n\t\t\t\t<\/div>\n\t\t\t\t\t<\/div>\n\t\t<\/div>\n\t\t\t\t\t<\/div>\n\t\t<\/section>\n\t\t\t\t<section class=\"elementor-section elementor-top-section elementor-element elementor-element-ee08d72 elementor-section-boxed elementor-section-height-default elementor-section-height-default\" data-id=\"ee08d72\" data-element_type=\"section\">\n\t\t\t\t\t\t<div class=\"elementor-container elementor-column-gap-default\">\n\t\t\t\t\t<div class=\"elementor-column elementor-col-100 elementor-top-column elementor-element elementor-element-697956a\" data-id=\"697956a\" data-element_type=\"column\">\n\t\t\t<div class=\"elementor-widget-wrap elementor-element-populated\">\n\t\t\t\t\t\t<div class=\"elementor-element elementor-element-5c59828 elementor-widget elementor-widget-gva-heading-block\" data-id=\"5c59828\" data-element_type=\"widget\" data-widget_type=\"gva-heading-block.default\">\n\t\t\t\t<div class=\"elementor-widget-container\">\n\t\t\t\t\t<div class=\"gva-element-gva-heading-block gva-element\">   <div class=\"align-center style-1 widget gsc-heading box-align-left auto-responsive\">\r\n      <div class=\"content-inner\">\r\n         \r\n                  \r\n         <div class=\"sub-title\"><span class=\"heading-icon\"><\/span><span class=\"tagline\">ATASAM PREFABR\u0130K<\/span><\/div>   \r\n         \r\n                     <h2 class=\"title\">\r\n               <span>S\u00fcrd\u00fcr\u00fclebilir \u00c7\u00f6z\u00fcmler, Profesyonel Hizmet Anlay\u0131\u015f\u0131<\/span>\r\n            <\/h2>\r\n                  \r\n         \r\n         \r\n      <\/div>\r\n   <\/div>\r\n<\/div>\t\t\t\t<\/div>\n\t\t\t\t<\/div>\n\t\t\t\t<div class=\"elementor-element elementor-element-7c910a6 elementor-widget elementor-widget-gva-services\" data-id=\"7c910a6\" data-element_type=\"widget\" data-widget_type=\"gva-services.default\">\n\t\t\t\t<div class=\"elementor-widget-container\">\n\t\t\t\t\t<div class=\"gva-element-gva-services gva-element\">\r\n<div class=\"gsc-services layout-grid\">\r\n   <div class=\"lg-block-grid-3 md-block-grid-3 sm-block-grid-2 xs-block-grid-2 xx-block-grid-1\">\r\n      <div class=\"item-columns\">\r\n<div class=\"service-one__single\"><div class=\"service-one__content\"><div class=\"service-one__image\"><img decoding=\"async\" src=\"https:\/\/atasamprefabrik.com\/wp-content\/uploads\/2025\/06\/106-M2-ATASAM-GORSEL.png\" alt=\"PREFABR\u0130K YAPILAR\"\/><span class=\"service-one__icon\"><i aria-hidden=\"true\" class=\" cicon-right\"><\/i><\/span><\/div><div class=\"service-one__content-inner\"><h4 class=\"service-one__title\"><span>PREFABR\u0130K YAPILAR<\/span><\/h4><\/div>\t\t  <a href=\"https:\/\/gaviaspreview.com\/wp\/constix\/services\/design-architecture\/\" class=\"service-one__link-overlay\" target=\"_blank\"><\/a>\r\n\t\t  <\/div><\/div>\t\r\n\r\n\r\n\r\n<\/div><div class=\"item-columns\">\r\n<div class=\"service-one__single\"><div class=\"service-one__content\"><div class=\"service-one__image\"><img decoding=\"async\" src=\"https:\/\/atasamprefabrik.com\/wp-content\/uploads\/2025\/06\/ChatGPT-Image-24-Haz-2025-23_05_30.png\" alt=\"KONTEYNER YAPILAR\"\/><span class=\"service-one__icon\"><i aria-hidden=\"true\" class=\" cicon-right\"><\/i><\/span><\/div><div class=\"service-one__content-inner\"><h4 class=\"service-one__title\"><span>KONTEYNER YAPILAR<\/span><\/h4><\/div>\t\t  <a href=\"https:\/\/gaviaspreview.com\/wp\/constix\/services\/bridge-construction\/\" class=\"service-one__link-overlay\" target=\"_blank\"><\/a>\r\n\t\t  <\/div><\/div>\t\r\n\r\n\r\n\r\n<\/div><div class=\"item-columns\">\r\n<div class=\"service-one__single\"><div class=\"service-one__content\"><div class=\"service-one__image\"><img decoding=\"async\" src=\"https:\/\/atasamprefabrik.com\/wp-content\/uploads\/2025\/06\/ChatGPT-Image-24-Haz-2025-22_54_09-1.png\" alt=\"\u00c7EL\u0130K YAPILAR\"\/><span class=\"service-one__icon\"><i aria-hidden=\"true\" class=\" cicon-right\"><\/i><\/span><\/div><div class=\"service-one__content-inner\"><h4 class=\"service-one__title\"><span>\u00c7EL\u0130K YAPILAR<\/span><\/h4><\/div>\t\t  <a href=\"https:\/\/gaviaspreview.com\/wp\/constix\/services\/industrial-building\/\" class=\"service-one__link-overlay\" target=\"_blank\"><\/a>\r\n\t\t  <\/div><\/div>\t\r\n\r\n\r\n\r\n<\/div><div class=\"item-columns\">\r\n<div class=\"service-one__single\"><div class=\"service-one__content\"><div class=\"service-one__image\"><img decoding=\"async\" src=\"https:\/\/atasamprefabrik.com\/wp-content\/uploads\/2025\/06\/ChatGPT-Image-24-Haz-2025-22_58_35.png\" alt=\"TASARIM YAPILAR\"\/><span class=\"service-one__icon\"><i aria-hidden=\"true\" class=\" cicon-right\"><\/i><\/span><\/div><div class=\"service-one__content-inner\"><h4 class=\"service-one__title\"><span>TASARIM YAPILAR<\/span><\/h4><\/div>\t\t  <a href=\"https:\/\/gaviaspreview.com\/wp\/constix\/services\/mechanical-engineering\/\" class=\"service-one__link-overlay\" target=\"_blank\"><\/a>\r\n\t\t  <\/div><\/div>\t\r\n\r\n\r\n\r\n<\/div><div class=\"item-columns\">\r\n<div class=\"service-one__single\"><div class=\"service-one__content\"><div class=\"service-one__image\"><img decoding=\"async\" src=\"https:\/\/atasamprefabrik.com\/wp-content\/uploads\/2025\/06\/ChatGPT-Image-24-Haz-2025-22_55_36.png\" alt=\"TINY HOUSE YAPILAR\"\/><span class=\"service-one__icon\"><i aria-hidden=\"true\" class=\" cicon-right\"><\/i><\/span><\/div><div class=\"service-one__content-inner\"><h4 class=\"service-one__title\"><span>TINY HOUSE YAPILAR<\/span><\/h4><\/div>\t\t  <a href=\"https:\/\/gaviaspreview.com\/wp\/constix\/services\/power-energies\/\" class=\"service-one__link-overlay\" target=\"_blank\"><\/a>\r\n\t\t  <\/div><\/div>\t\r\n\r\n\r\n\r\n<\/div><div class=\"item-columns\">\r\n<div class=\"service-one__single\"><div class=\"service-one__content\"><div class=\"service-one__image\"><img decoding=\"async\" src=\"https:\/\/atasamprefabrik.com\/wp-content\/uploads\/2025\/06\/ChatGPT-Image-24-Haz-2025-23_11_20.png\" alt=\"BUNGALOV YAPILAR\"\/><span class=\"service-one__icon\"><i aria-hidden=\"true\" class=\" cicon-right\"><\/i><\/span><\/div><div class=\"service-one__content-inner\"><h4 class=\"service-one__title\"><span>BUNGALOV YAPILAR<\/span><\/h4><\/div>\t\t  <a href=\"https:\/\/gaviaspreview.com\/wp\/constix\/services\/bridge-construction\/\" class=\"service-one__link-overlay\" target=\"_blank\"><\/a>\r\n\t\t  <\/div><\/div>\t\r\n\r\n\r\n\r\n<\/div>   <\/div>\r\n<\/div>\r\n<\/div>\t\t\t\t<\/div>\n\t\t\t\t<\/div>\n\t\t\t\t\t<\/div>\n\t\t<\/div>\n\t\t\t\t\t<\/div>\n\t\t<\/section>\n\t\t\t\t<section class=\"elementor-section elementor-top-section elementor-element elementor-element-c6640ea elementor-section-boxed elementor-section-height-default elementor-section-height-default\" data-id=\"c6640ea\" data-element_type=\"section\">\n\t\t\t\t\t\t<div class=\"elementor-container elementor-column-gap-default\">\n\t\t\t\t\t<div class=\"elementor-column elementor-col-50 elementor-top-column elementor-element elementor-element-e0f5378\" data-id=\"e0f5378\" data-element_type=\"column\" data-settings=\"{&quot;background_background&quot;:&quot;classic&quot;}\">\n\t\t\t<div class=\"elementor-widget-wrap elementor-element-populated\">\n\t\t\t\t\t\t<div class=\"elementor-element elementor-element-c609c09 elementor-widget elementor-widget-spacer\" data-id=\"c609c09\" data-element_type=\"widget\" data-widget_type=\"spacer.default\">\n\t\t\t\t<div class=\"elementor-widget-container\">\n\t\t\t\t\t\t\t<div class=\"elementor-spacer\">\n\t\t\t<div class=\"elementor-spacer-inner\"><\/div>\n\t\t<\/div>\n\t\t\t\t\t\t<\/div>\n\t\t\t\t<\/div>\n\t\t\t\t\t<\/div>\n\t\t<\/div>\n\t\t\t\t<div class=\"elementor-column elementor-col-50 elementor-top-column elementor-element elementor-element-919ea17\" data-id=\"919ea17\" data-element_type=\"column\" data-settings=\"{&quot;background_background&quot;:&quot;classic&quot;}\">\n\t\t\t<div class=\"elementor-widget-wrap elementor-element-populated\">\n\t\t\t\t\t<div class=\"elementor-background-overlay\"><\/div>\n\t\t\t\t\t\t<div class=\"elementor-element elementor-element-6bcafc7 elementor-widget elementor-widget-heading\" data-id=\"6bcafc7\" data-element_type=\"widget\" data-widget_type=\"heading.default\">\n\t\t\t\t<div class=\"elementor-widget-container\">\n\t\t\t\t\t<h2 class=\"elementor-heading-title elementor-size-default\">Neden Atasam Prefabrik?<\/h2>\t\t\t\t<\/div>\n\t\t\t\t<\/div>\n\t\t\t\t<div class=\"elementor-element elementor-element-dc73997 elementor-widget elementor-widget-text-editor\" data-id=\"dc73997\" data-element_type=\"widget\" data-widget_type=\"text-editor.default\">\n\t\t\t\t<div class=\"elementor-widget-container\">\n\t\t\t\t\t\t\t\t\t<p>Kaliteli malzeme, m\u00fchendislik g\u00fcc\u00fc ve zaman\u0131nda teslim ilkesiyle hareket eden Atasam Prefabrik, hayalinizdeki ya\u015fam ve i\u015f alanlar\u0131n\u0131 g\u00fcvenle in\u015fa eder. 2014 y\u0131l\u0131ndan bu yana edindi\u011fimiz deneyimle, T\u00fcrkiye\u2019nin d\u00f6rt bir yan\u0131nda y\u00fczlerce ba\u015far\u0131l\u0131 projeye imza att\u0131k.<\/p>\t\t\t\t\t\t\t\t<\/div>\n\t\t\t\t<\/div>\n\t\t\t\t<div class=\"elementor-element elementor-element-ba27150 elementor-icon-list--layout-traditional elementor-list-item-link-full_width elementor-widget elementor-widget-icon-list\" data-id=\"ba27150\" data-element_type=\"widget\" data-widget_type=\"icon-list.default\">\n\t\t\t\t<div class=\"elementor-widget-container\">\n\t\t\t\t\t\t\t<ul class=\"elementor-icon-list-items\">\n\t\t\t\t\t\t\t<li class=\"elementor-icon-list-item\">\n\t\t\t\t\t\t\t\t\t\t\t<span class=\"elementor-icon-list-icon\">\n\t\t\t\t\t\t\t<i aria-hidden=\"true\" class=\"fas fa-check-circle\"><\/i>\t\t\t\t\t\t<\/span>\n\t\t\t\t\t\t\t\t\t\t<span class=\"elementor-icon-list-text\">Y\u00fcksek kalite standartlar\u0131<\/span>\n\t\t\t\t\t\t\t\t\t<\/li>\n\t\t\t\t\t\t\t\t<li class=\"elementor-icon-list-item\">\n\t\t\t\t\t\t\t\t\t\t\t<span class=\"elementor-icon-list-icon\">\n\t\t\t\t\t\t\t<i aria-hidden=\"true\" class=\"fas fa-check-circle\"><\/i>\t\t\t\t\t\t<\/span>\n\t\t\t\t\t\t\t\t\t\t<span class=\"elementor-icon-list-text\">H\u0131zl\u0131 \u00fcretim ve montaj s\u00fcre\u00e7leri<\/span>\n\t\t\t\t\t\t\t\t\t<\/li>\n\t\t\t\t\t\t\t\t<li class=\"elementor-icon-list-item\">\n\t\t\t\t\t\t\t\t\t\t\t<span class=\"elementor-icon-list-icon\">\n\t\t\t\t\t\t\t<i aria-hidden=\"true\" class=\"fas fa-check-circle\"><\/i>\t\t\t\t\t\t<\/span>\n\t\t\t\t\t\t\t\t\t\t<span class=\"elementor-icon-list-text\">Her ihtiyaca \u00f6zel tasar\u0131m \u00e7\u00f6z\u00fcmleri<\/span>\n\t\t\t\t\t\t\t\t\t<\/li>\n\t\t\t\t\t\t<\/ul>\n\t\t\t\t\t\t<\/div>\n\t\t\t\t<\/div>\n\t\t\t\t\t<\/div>\n\t\t<\/div>\n\t\t\t\t\t<\/div>\n\t\t<\/section>\n\t\t\t\t<\/div>\n\t\t","protected":false},"excerpt":{"rendered":"<p>Hizmetlerimiz Atasam Prefabrik ProductResearch Lorem ipsum is simply sit of free text dolor. Business idea Lorem ipsum is simply sit of free text dolor. Fast &#038; easy process Lorem ipsum [&hellip;]<\/p>\n","protected":false},"author":1,"featured_media":0,"parent":0,"menu_order":0,"comment_status":"closed","ping_status":"closed","template":"","meta":{"footnotes":""},"class_list":["post-596","page","type-page","status-publish","hentry"],"_links":{"self":[{"href":"https:\/\/atasamprefabrik.com\/index.php?rest_route=\/wp\/v2\/pages\/596","targetHints":{"allow":["GET"]}}],"collection":[{"href":"https:\/\/atasamprefabrik.com\/index.php?rest_route=\/wp\/v2\/pages"}],"about":[{"href":"https:\/\/atasamprefabrik.com\/index.php?rest_route=\/wp\/v2\/types\/page"}],"author":[{"embeddable":true,"href":"https:\/\/atasamprefabrik.com\/index.php?rest_route=\/wp\/v2\/users\/1"}],"replies":[{"embeddable":true,"href":"https:\/\/atasamprefabrik.com\/index.php?rest_route=%2Fwp%2Fv2%2Fcomments&post=596"}],"version-history":[{"count":10,"href":"https:\/\/atasamprefabrik.com\/index.php?rest_route=\/wp\/v2\/pages\/596\/revisions"}],"predecessor-version":[{"id":674,"href":"https:\/\/atasamprefabrik.com\/index.php?rest_route=\/wp\/v2\/pages\/596\/revisions\/674"}],"wp:attachment":[{"href":"https:\/\/atasamprefabrik.com\/index.php?rest_route=%2Fwp%2Fv2%2Fmedia&parent=596"}],"curies":[{"name":"wp","href":"https:\/\/api.w.org\/{rel}","templated":true}]}}